{"id":8,"date":"2014-03-29T22:54:02","date_gmt":"2014-03-29T21:54:02","guid":{"rendered":"http:\/\/getraenke-fuhrmann.de\/wordpress\/?page_id=8"},"modified":"2018-05-22T16:53:12","modified_gmt":"2018-05-22T14:53:12","slug":"angebot","status":"publish","type":"page","link":"https:\/\/getraenke-fuhrmann.de\/wordpress\/angebot\/","title":{"rendered":"Angebot"},"content":{"rendered":"<p>Wir bieten,<\/p>\n<ul>\n<li>Getr\u00e4nke f\u00fcr den privaten Bedarf oder gr\u00f6\u00dfere Mengen f\u00fcr Einrichtungen, das Richtfest, den Verein, studentische Organisationen und sonstige kleine oder gro\u00dfe\u00a0 Veranstaltungen.<\/li>\n<li>Kaltgetr\u00e4nkautomaten,\u00a0Durchlaufk\u00fchler, K\u00fchlschrank\/K\u00fchlwagen, Bierb\u00e4nke, Fest-Garnituren, Festservice, Gl\u00e4ser zum Sortiment oder zus\u00e4tzliches Catering.<\/li>\n<li type=\"_moz\">Ein reichhaltiges Sortiment, verschiedene Mineralw\u00e4sser, Limonaden, S\u00e4fte, Frucht- und Mixgetr\u00e4nke, Cola, Bionaden, regionale und \u00fcberregionale Biere, Radler und alkoholfreie Biere, Party-F\u00e4sser,\u00a0Wein\/ Sekt\/ Prosecco usw.. <a href=\"https:\/\/www.getraenke-fuhrmann.de\/kontaktimpressum\/\">Fragen Sie unverbindlich an.<\/a><\/li>\n<\/ul>\n<p>&nbsp;<\/p>\n<p>Lieferanten u.a.:<\/p>\n<p><a href=\"https:\/\/getraenke-fuhrmann.de\/wordpress\/wp-content\/uploads\/2014\/11\/Logo_zwiefalter.jpg\"><img loading=\"lazy\" decoding=\"async\" class=\"alignleft wp-image-290\" src=\"https:\/\/getraenke-fuhrmann.de\/wordpress\/wp-content\/uploads\/2014\/11\/Logo_zwiefalter-248x300.jpg\" alt=\"Logo_zwiefalter\" width=\"98\" height=\"122\" \/><\/a> <a href=\"https:\/\/getraenke-fuhrmann.de\/wordpress\/wp-content\/uploads\/2014\/03\/L-liebenzellindex2.jpg\"><img loading=\"lazy\" decoding=\"async\" class=\"alignleft wp-image-129\" src=\"https:\/\/getraenke-fuhrmann.de\/wordpress\/wp-content\/uploads\/2014\/03\/L-liebenzellindex2.jpg\" alt=\"Bad-Liebenzeller\" width=\"90\" height=\"102\" \/><\/a><\/p>\n<p><a href=\"https:\/\/getraenke-fuhrmann.de\/wordpress\/wp-content\/uploads\/2014\/03\/L-hochdorfer.jpg\"><img loading=\"lazy\" decoding=\"async\" class=\"alignleft wp-image-128\" src=\"https:\/\/getraenke-fuhrmann.de\/wordpress\/wp-content\/uploads\/2014\/03\/L-hochdorfer.jpg\" alt=\"Hochdorfer\" width=\"170\" height=\"56\" \/><\/a><\/p>\n","protected":false},"excerpt":{"rendered":"<p>Wir bieten, Getr\u00e4nke f\u00fcr den privaten Bedarf oder gr\u00f6\u00dfere Mengen f\u00fcr Einrichtungen, das Richtfest, den Verein, studentische Organisationen und sonstige kleine oder gro\u00dfe\u00a0 Veranstaltungen. Kaltgetr\u00e4nkautomaten,\u00a0Durchlaufk\u00fchler, K\u00fchlschrank\/K\u00fchlwagen, Bierb\u00e4nke, Fest-Garnituren, Festservice, Gl\u00e4ser zum Sortiment oder zus\u00e4tzliches Catering. Ein reichhaltiges Sortiment, verschiedene Mineralw\u00e4sser, &hellip; <a href=\"https:\/\/getraenke-fuhrmann.de\/wordpress\/angebot\/\">Weiterlesen <span class=\"meta-nav\">&rarr;<\/span><\/a><\/p>\n","protected":false},"author":4,"featured_media":0,"parent":0,"menu_order":3,"comment_status":"closed","ping_status":"closed","template":"sidebar-page.php","meta":{"footnotes":""},"_links":{"self":[{"href":"https:\/\/getraenke-fuhrmann.de\/wordpress\/wp-json\/wp\/v2\/pages\/8"}],"collection":[{"href":"https:\/\/getraenke-fuhrmann.de\/wordpress\/wp-json\/wp\/v2\/pages"}],"about":[{"href":"https:\/\/getraenke-fuhrmann.de\/wordpress\/wp-json\/wp\/v2\/types\/page"}],"author":[{"embeddable":true,"href":"https:\/\/getraenke-fuhrmann.de\/wordpress\/wp-json\/wp\/v2\/users\/4"}],"replies":[{"embeddable":true,"href":"https:\/\/getraenke-fuhrmann.de\/wordpress\/wp-json\/wp\/v2\/comments?post=8"}],"version-history":[{"count":15,"href":"https:\/\/getraenke-fuhrmann.de\/wordpress\/wp-json\/wp\/v2\/pages\/8\/revisions"}],"predecessor-version":[{"id":766,"href":"https:\/\/getraenke-fuhrmann.de\/wordpress\/wp-json\/wp\/v2\/pages\/8\/revisions\/766"}],"wp:attachment":[{"href":"https:\/\/getraenke-fuhrmann.de\/wordpress\/wp-json\/wp\/v2\/media?parent=8"}],"curies":[{"name":"wp","href":"https:\/\/api.w.org\/{rel}","templated":true}]}}