{"id":64,"date":"2014-06-02T21:44:48","date_gmt":"2014-06-02T19:44:48","guid":{"rendered":"http:\/\/getraenke-fuhrmann.de\/wordpress\/?page_id=64"},"modified":"2024-12-17T10:15:22","modified_gmt":"2024-12-17T09:15:22","slug":"kontaktimpressum","status":"publish","type":"page","link":"https:\/\/getraenke-fuhrmann.de\/wordpress\/kontaktimpressum\/","title":{"rendered":"Kontakt"},"content":{"rendered":"<p>Ihr Getr\u00e4nkeh\u00e4ndler im Raum Neckar-Alb<b><br \/>\n<\/b><b>Getr\u00e4nke Fuhrmann OHG | Gesellschafter: Lars Fuhrmann | Patrick Kajtezovic<br \/>\n<\/b>Hechingerstr. 40 | 72131 Ofterdingen<br \/>\nTel. 07473 &#8211; 9205775<br \/>\n<a href=\"mailto:info@getraenke-fuhrmann.de\" target=\"_blank\" rel=\"noopener noreferrer\">info@getraenke-fuhrmann.de<\/a> | <a href=\"https:\/\/www.getraenke-fuhrmann.de\" target=\"_blank\" rel=\"noopener noreferrer\">www.getraenke-fuhrmann.de<\/a><\/p>\n<p>Gerne schicken Sie mir Ihre Anfrage per <a href=\"mailto:bestellung@getraenke-fuhrmann.de\">Mail<\/a> oder rufen mich an.<\/p>\n<p>F\u00fcr <strong>Bestellungen<\/strong> benutzen Sie bitte<br \/>\ndie Mailadresse <a href=\"mailto:bestellung@getraenke-fuhrmann.de\">bestellung@getraenke-fuhrmann.de<\/a><\/p>\n<p>B\u00fcrozeiten der <strong>Buchhaltung<\/strong>: 8:00 &#8211; 12:00 \/ 13:00 &#8211;\u00a0 16:00 Uhr<br \/>\nTelefon\u00a0 07473 &#8211; 952 33 03 | <a href=\"mailto:buchhaltung@getraenke-fuhrmann.de\">buchhaltung@getraenke-fuhrmann.de<\/a><\/p>\n<p><strong>Der Weg zu uns<\/strong>, ganz einfach.<br \/>\nAuf der B27 von T\u00fcbingen nach Hechingen finden Sie uns in Ofterdingen<br \/>\nam Ende vom Ort, auf der rechten Seite.<\/p>\n","protected":false},"excerpt":{"rendered":"<p>Ihr Getr\u00e4nkeh\u00e4ndler im Raum Neckar-Alb Getr\u00e4nke Fuhrmann OHG | Gesellschafter: Lars Fuhrmann | Patrick Kajtezovic Hechingerstr. 40 | 72131 Ofterdingen Tel. 07473 &#8211; 9205775 info@getraenke-fuhrmann.de | www.getraenke-fuhrmann.de Gerne schicken Sie mir Ihre Anfrage per Mail oder rufen mich an. F\u00fcr &hellip; <a href=\"https:\/\/getraenke-fuhrmann.de\/wordpress\/kontaktimpressum\/\">Weiterlesen <span class=\"meta-nav\">&rarr;<\/span><\/a><\/p>\n","protected":false},"author":4,"featured_media":0,"parent":0,"menu_order":5,"comment_status":"closed","ping_status":"closed","template":"sidebar-page.php","meta":{"footnotes":""},"_links":{"self":[{"href":"https:\/\/getraenke-fuhrmann.de\/wordpress\/wp-json\/wp\/v2\/pages\/64"}],"collection":[{"href":"https:\/\/getraenke-fuhrmann.de\/wordpress\/wp-json\/wp\/v2\/pages"}],"about":[{"href":"https:\/\/getraenke-fuhrmann.de\/wordpress\/wp-json\/wp\/v2\/types\/page"}],"author":[{"embeddable":true,"href":"https:\/\/getraenke-fuhrmann.de\/wordpress\/wp-json\/wp\/v2\/users\/4"}],"replies":[{"embeddable":true,"href":"https:\/\/getraenke-fuhrmann.de\/wordpress\/wp-json\/wp\/v2\/comments?post=64"}],"version-history":[{"count":46,"href":"https:\/\/getraenke-fuhrmann.de\/wordpress\/wp-json\/wp\/v2\/pages\/64\/revisions"}],"predecessor-version":[{"id":1561,"href":"https:\/\/getraenke-fuhrmann.de\/wordpress\/wp-json\/wp\/v2\/pages\/64\/revisions\/1561"}],"wp:attachment":[{"href":"https:\/\/getraenke-fuhrmann.de\/wordpress\/wp-json\/wp\/v2\/media?parent=64"}],"curies":[{"name":"wp","href":"https:\/\/api.w.org\/{rel}","templated":true}]}}