{"id":5,"date":"2020-03-11T22:46:44","date_gmt":"2020-03-11T21:46:44","guid":{"rendered":"http:\/\/getraenke-fuhrmann.de\/wordpress\/?page_id=5"},"modified":"2025-01-31T09:05:43","modified_gmt":"2025-01-31T08:05:43","slug":"lieferservice","status":"publish","type":"page","link":"https:\/\/getraenke-fuhrmann.de\/wordpress\/lieferservice\/","title":{"rendered":"Lieferservice"},"content":{"rendered":"<h1>F\u00fcr jede\/n das Richtige<\/h1>\n<p>Wir beliefern Sie nach Ihrem individuellen Bedarf zu Ihrem Wunschtermin. Das kann sowohl im regelm\u00e4\u00dfigen Lieferzyklus sein oder nach einzelner Bestellung.<\/p>\n<p>Wir bieten:<\/p>\n<ul>\n<li>pers\u00f6nliche und individuelle<strong> Beratung<\/strong> in allen Bereichen<\/li>\n<li><strong>reichhaltiges Sortiment<\/strong>, das jederzeit auf Anfrage erweiterbar<\/li>\n<li>Wir bef\u00fcllen <strong>Kaltgetr\u00e4nkeautomaten<\/strong>, die Sie bei uns anmieten oder Ihre Eigenen. <a href=\"https:\/\/getraenke-fuhrmann.de\/wordpress\/wp-content\/uploads\/2020\/03\/Kaltgetr\u00e4nkeautomat_b.pdf\" target=\"_blank\" rel=\"noopener noreferrer\">Link zum Leihautomaten (pdf)<\/a><\/li>\n<\/ul>\n<p>Unser <strong>Lieferservice<\/strong> bieten wir f\u00fcr:<\/p>\n<ul>\n<li><strong>Unternehmen<\/strong> f\u00fcr den t\u00e4glichen Bedarf sowie mit Konferenzgetr\u00e4nken f\u00fcr Ihre Besprechungen<\/li>\n<li><strong>Wiederverk\u00e4ufer<\/strong> wie Tankstellen und Kioske<\/li>\n<li><strong>Vereine, Schulen und studentische Organisationen<\/strong><\/li>\n<\/ul>\n<p><em>In den Regionen: T\u00fcbingen, Rottenburg, Reutlingen, H\u00e4rten, M\u00f6ssingen, Hechingen bis Balingen, also im gesamten Raum Neckar-Alb<\/em><\/p>\n<p>sowie:<\/p>\n<ul>\n<li><strong>Frei Haus Lieferungen f\u00fcr Privatpersonen<\/strong> durch unseren Heimdienst mit festen Liefertagen<\/li>\n<\/ul>\n<p><em>Im Gebieten: Ofterdingen, Bodelshausen, M\u00f6ssingen, Du\u00dflingen, Nehren, Gomaringen, T\u00fc-Derendingen und Sonnenb\u00fchl<\/em><\/p>\n<p>Gerne erstellen wir Ihnen ein individuelles Angebot<\/p>\n<p><strong>Unser Sortiment finden Sie unter <a href=\"https:\/\/getraenke-fuhrmann.de\/wordpress\/wp-content\/uploads\/2025\/01\/Sortimentsliste_2025_Jan.pdf\" target=\"_blank\" rel=\"noopener\">Sortimentsliste (pdf)\u00a0<\/a><\/strong><\/p>\n<p>Planen Sie ein Firmenevent, ein Vereinsfest oder eine Private Feier, dazu mehr unter <a href=\"https:\/\/getraenke-fuhrmann.de\/wordpress\/service\/nach-der-grundung\/\" rel=\"noopener\">Festservice<\/a> und <a href=\"https:\/\/getraenke-fuhrmann.de\/wordpress\/service\/kleincatering\/\">Catering<\/a>. Weiter bieten wir auch eine Auswahl an <a href=\"https:\/\/getraenke-fuhrmann.de\/wordpress\/wp-content\/uploads\/2021\/08\/Fingerfood_1.8.21_.pdf\" target=\"_blank\" rel=\"noopener noreferrer\">Fingerfood (pdf)<\/a><\/p>\n","protected":false},"excerpt":{"rendered":"<p>F\u00fcr jede\/n das Richtige Wir beliefern Sie nach Ihrem individuellen Bedarf zu Ihrem Wunschtermin. Das kann sowohl im regelm\u00e4\u00dfigen Lieferzyklus sein oder nach einzelner Bestellung. Wir bieten: pers\u00f6nliche und individuelle Beratung in allen Bereichen reichhaltiges Sortiment, das jederzeit auf Anfrage &hellip; <a href=\"https:\/\/getraenke-fuhrmann.de\/wordpress\/lieferservice\/\">Weiterlesen <span class=\"meta-nav\">&rarr;<\/span><\/a><\/p>\n","protected":false},"author":4,"featured_media":0,"parent":0,"menu_order":2,"comment_status":"closed","ping_status":"closed","template":"sidebar-page.php","meta":{"footnotes":""},"_links":{"self":[{"href":"https:\/\/getraenke-fuhrmann.de\/wordpress\/wp-json\/wp\/v2\/pages\/5"}],"collection":[{"href":"https:\/\/getraenke-fuhrmann.de\/wordpress\/wp-json\/wp\/v2\/pages"}],"about":[{"href":"https:\/\/getraenke-fuhrmann.de\/wordpress\/wp-json\/wp\/v2\/types\/page"}],"author":[{"embeddable":true,"href":"https:\/\/getraenke-fuhrmann.de\/wordpress\/wp-json\/wp\/v2\/users\/4"}],"replies":[{"embeddable":true,"href":"https:\/\/getraenke-fuhrmann.de\/wordpress\/wp-json\/wp\/v2\/comments?post=5"}],"version-history":[{"count":29,"href":"https:\/\/getraenke-fuhrmann.de\/wordpress\/wp-json\/wp\/v2\/pages\/5\/revisions"}],"predecessor-version":[{"id":1595,"href":"https:\/\/getraenke-fuhrmann.de\/wordpress\/wp-json\/wp\/v2\/pages\/5\/revisions\/1595"}],"wp:attachment":[{"href":"https:\/\/getraenke-fuhrmann.de\/wordpress\/wp-json\/wp\/v2\/media?parent=5"}],"curies":[{"name":"wp","href":"https:\/\/api.w.org\/{rel}","templated":true}]}}