{"id":402,"date":"2015-08-24T16:45:58","date_gmt":"2015-08-24T14:45:58","guid":{"rendered":"http:\/\/getraenke-fuhrmann.de\/wordpress\/?page_id=402"},"modified":"2020-11-10T12:56:21","modified_gmt":"2020-11-10T11:56:21","slug":"25-jahre-fuer-sie-vor-ort","status":"publish","type":"page","link":"https:\/\/getraenke-fuhrmann.de\/wordpress\/25-jahre-fuer-sie-vor-ort\/","title":{"rendered":"30 Jahre zuverl\u00e4ssig versorgt"},"content":{"rendered":"\n<h1 class=\"wp-block-heading\">30 Jahre Getr\u00e4nke Fuhrmann und 5 Jahre in Ofterdingen<\/h1>\n\n\n\n<p>Und dieses Jahr 2020 wird aus 25 Jahren schon 30 Jahre.<br \/>Au\u00dferdem sind wir jetzt 5 Jahre in Ofterdingen.<br \/>Sprich, es sind nun weitere ereignisreiche 5 Jahre vergangen.<br \/><br \/>Durch ein stetig erweitertes Angebot und die daraus erfolgten Auftr\u00e4ge sind unsere Gesch\u00e4ftsr\u00e4ume immer beengter geworden, so machten wir uns vor 5 Jahren auf die Suche nach neuen Gesch\u00e4ftsr\u00e4umen. Wir sind auf ein im Bau befindendes Firmenareal in Ofterdingen gesto\u00dfen, welches wir dann unverz\u00fcglich anmieteten. Nun hatten wir die M\u00f6glichkeit unser Angebot weiter auszubauen. <br \/>Mit Blick auf die Zukunft wurde der Plan\u00a0 <strong>\u201eAlles aus einer Hand\u201c<\/strong> weiter optimiert.<\/p>\n\n\n\n<h2 class=\"wp-block-heading\"><strong>So bieten wir Sektempf\u00e4nge f\u00fcr Hochzeiten zum Pauschalpreis an, betreuen Empf\u00e4nge und Veranstaltungen mit eigenem Personal und bieten hierzu auch eine Auswahl an Fingerfood an<\/strong>.<\/h2>\n\n\n\n<p>Der hei\u00dfe Sommer 2018 lies schnell auch die neuen R\u00e4ume wieder zu klein werden und wir beschlossen zum Oktober die neben an frei gewordene Halle zu \u00fcbernehmen. Damit haben wir unsere Gesch\u00e4ftsr\u00e4ume von 250 auf 450 qm plus gro\u00dfz\u00fcgige Hoffl\u00e4che erweitert. Hier haben wir unser Ziel Qualit\u00e4t anzubieten weiter verfolgt. Es w\u00fcrde ein gro\u00dfer Sp\u00fclraum eingebaut, damit k\u00f6nnen nun gem\u00e4\u00df der Hygieneverordnung <strong>Mehrweggeschirr und Gl\u00e4ser<\/strong> gesp\u00fclt werden.<br \/>Da f\u00fcr uns die Nachhaltigkeit und der Umweltschutz sehr wichtig ist bieten wir eine gro\u00dfe Auswahl an <strong>hochwertigen Gl\u00e4sern, Geschirr und Besteck<\/strong> zur Vermietung an. Ein gro\u00dfes Ma\u00df an Sauberkeit und Hygiene ist f\u00fcr uns dabei sehr wichtig.<\/p>\n\n\n\n<p>Der Sommer 2019 brachte uns eine weitere gute Auftragslage und wir beschlossen eine unserer neuen Aushilfen zum November fest einzustellen.<br \/><br \/>Zum Jahresende modernisierten wir dann unsere B\u00fcror\u00e4ume, womit der Ausbau der Gesch\u00e4ftsr\u00e4ume nun fast fertig ist.<br \/><br \/>Im Zuge der Digitalisierung werden wir weitere Betriebsabl\u00e4ufe und Service optimieren.<\/p>\n\n\n\n<p><strong>Wir freuen uns mit Ihnen, unseren Kunden, Freunden und Gesch\u00e4ftspartnern unser Jubil\u00e4umsjahr bei der traditionellen Herbsthockete am Samstag und Sonntag, den 10. und 11. Oktober 2020 zu feiern.<\/strong><\/p>\n\n\n\n<hr class=\"wp-block-separator\"\/>\n\n\n\n<h2 class=\"wp-block-heading\"><br \/>Und so war es 2015 zum 25. Firmenjubil\u00e4um<\/h2>\n\n\n\n<div class=\"wp-block-image\"><figure class=\"alignleft\"><a href=\"https:\/\/getraenke-fuhrmann.de\/wordpress\/wp-content\/uploads\/2015\/04\/25_Jahre_Getr\u00e4nke_Fuhrmann.jpg\"><img loading=\"lazy\" decoding=\"async\" width=\"150\" height=\"150\" src=\"https:\/\/getraenke-fuhrmann.de\/wordpress\/wp-content\/uploads\/2015\/04\/25_Jahre_Getr\u00e4nke_Fuhrmann-150x150.jpg\" alt=\"25_Jahre_Getr\u00e4nke_Fuhrmann\" class=\"wp-image-314\"\/><\/a><\/figure><\/div>\n\n\n\n<p>Wir freuen uns \u00fcber unser Jubil\u00e4um.<br \/>Seit 25 Jahren sind wir f\u00fcr Sie da.<br \/>In der Zeit seit 1990, als wir die Getr\u00e4nkehandlung von Walter Streib \u00fcbernommen haben, gab es aufregende und ereignisreiche Jahre. Vom anf\u00e4nglichen Gesch\u00e4ftsmodell des \u00fcberwiegend heimdienstorientierten Unternehmens, entwickelten wir uns zum Dienstleister mit vielseitigem Angebot. Als breit aufgestellter Getr\u00e4nkespezialist beliefern wir heute B\u00fcros und Einrichtungen, bieten einen umfassenden Festservice mit speziellen Serviceangeboten bis zum Catering.<br \/>Mit Blick auf das Jubil\u00e4umsjahr und die Zukunft haben wir weiter in einen modernen Betrieb investiert. Nutzen Sie unsere Angebote.<\/p>\n\n\n\n<hr class=\"wp-block-separator\"\/>\n\n\n\n<p>25 Jahre und ein Umzug sind wirklich ein Grund zum Feiern.<br \/>Am 25. Oktober 2015, in der Zeit von 10 bis 18 Uhr, freue ich mich auf Ihr Kommen.<\/p>\n\n\n\n<div class=\"wp-block-image\"><figure class=\"aligncenter is-resized\"><a href=\"https:\/\/getraenke-fuhrmann.de\/wordpress\/wp-content\/uploads\/2015\/10\/Getr\u00e4nke-Fuhrmann_Herbstfest_2015-1.jpg\"><img loading=\"lazy\" decoding=\"async\" src=\"https:\/\/getraenke-fuhrmann.de\/wordpress\/wp-content\/uploads\/2015\/10\/Getr\u00e4nke-Fuhrmann_Herbstfest_2015-1-300x214.jpg\" alt=\"Getr\u00e4nke-Fuhrmann_Herbstfest_2015-1\" class=\"wp-image-457\" width=\"327\" height=\"233\" srcset=\"https:\/\/getraenke-fuhrmann.de\/wordpress\/wp-content\/uploads\/2015\/10\/Getr\u00e4nke-Fuhrmann_Herbstfest_2015-1-300x214.jpg 300w, https:\/\/getraenke-fuhrmann.de\/wordpress\/wp-content\/uploads\/2015\/10\/Getr\u00e4nke-Fuhrmann_Herbstfest_2015-1-421x300.jpg 421w, https:\/\/getraenke-fuhrmann.de\/wordpress\/wp-content\/uploads\/2015\/10\/Getr\u00e4nke-Fuhrmann_Herbstfest_2015-1.jpg 567w\" sizes=\"(max-width: 327px) 100vw, 327px\" \/><\/a><\/figure><\/div>\n\n\n\n<p>Einladungsflyer <a href=\"https:\/\/getraenke-fuhrmann.de\/wordpress\/wp-content\/uploads\/2015\/10\/Getr\u00e4nke-Fuhrmann_Herbstfest_2015.pdf\" target=\"_blank\" rel=\"noopener noreferrer\">hier<\/a><\/p>\n\n\n\n<hr class=\"wp-block-separator\"\/>\n\n\n\n<div class=\"wp-block-image\"><figure class=\"aligncenter\"><a href=\"https:\/\/getraenke-fuhrmann.de\/wordpress\/wp-content\/uploads\/2015\/05\/25_Jahre_Fuhrmann_im-GEA_k.jpg\"><img loading=\"lazy\" decoding=\"async\" width=\"300\" height=\"258\" src=\"https:\/\/getraenke-fuhrmann.de\/wordpress\/wp-content\/uploads\/2015\/05\/25_Jahre_Fuhrmann_im-GEA_k-300x258.jpg\" alt=\"25_Jahre_Fuhrmann_im-GEA_k\" class=\"wp-image-354\" srcset=\"https:\/\/getraenke-fuhrmann.de\/wordpress\/wp-content\/uploads\/2015\/05\/25_Jahre_Fuhrmann_im-GEA_k-300x258.jpg 300w, https:\/\/getraenke-fuhrmann.de\/wordpress\/wp-content\/uploads\/2015\/05\/25_Jahre_Fuhrmann_im-GEA_k.jpg 340w\" sizes=\"(max-width: 300px) 100vw, 300px\" \/><\/a><\/figure><\/div>\n\n\n\n<h2 class=\"wp-block-heading\"><strong>25 Jahre &#8211; so stand es im GEA<\/strong><br \/><a rel=\"noopener noreferrer\" href=\"https:\/\/getraenke-fuhrmann.de\/wordpress\/wp-content\/uploads\/2015\/05\/25_Jahre_Fuhrmann_im-GEA_Qk.pdf\" target=\"_blank\">lesen<\/a><\/h2>\n\n\n\n<hr class=\"wp-block-separator\"\/>\n\n\n\n<h2 class=\"wp-block-heading\"><strong>Ehrung durch die IHK<\/strong><\/h2>\n\n\n\n<div class=\"wp-block-image\"><figure class=\"aligncenter\"><a href=\"https:\/\/getraenke-fuhrmann.de\/wordpress\/wp-content\/uploads\/2015\/06\/IHK-Ehrung_25-Jahre_Getr\u00e4nke-Fuhrmann.jpg\"><img loading=\"lazy\" decoding=\"async\" width=\"300\" height=\"225\" src=\"https:\/\/getraenke-fuhrmann.de\/wordpress\/wp-content\/uploads\/2015\/06\/IHK-Ehrung_25-Jahre_Getr\u00e4nke-Fuhrmann-300x225.jpg\" alt=\"IHK-Ehrung_25-Jahre_Getr\u00e4nke-Fuhrmann\" class=\"wp-image-371\" srcset=\"https:\/\/getraenke-fuhrmann.de\/wordpress\/wp-content\/uploads\/2015\/06\/IHK-Ehrung_25-Jahre_Getr\u00e4nke-Fuhrmann-300x225.jpg 300w, https:\/\/getraenke-fuhrmann.de\/wordpress\/wp-content\/uploads\/2015\/06\/IHK-Ehrung_25-Jahre_Getr\u00e4nke-Fuhrmann-1024x768.jpg 1024w, https:\/\/getraenke-fuhrmann.de\/wordpress\/wp-content\/uploads\/2015\/06\/IHK-Ehrung_25-Jahre_Getr\u00e4nke-Fuhrmann-400x300.jpg 400w\" sizes=\"(max-width: 300px) 100vw, 300px\" \/><\/a><figcaption>Auf dem Bild von links: Timo Pleyer (IHK Reutlingen), Lars Fuhrmann, Lebensgef\u00e4hrtin Monika Antusch, Claudius M\u00e4hler (Wirtschaftsf\u00f6rderer M\u00f6ssingen)<\/figcaption><\/figure><\/div>\n\n\n\n<p>Im Rahmen der Festlichkeiten zum 25 j\u00e4hrigen Bestehen von Getr\u00e4nke Fuhrmann, wurde dem Inhaber Lars Fuhrmann die Urkunde der IHK \u00fcberreicht.<\/p>\n\n\n\n<hr class=\"wp-block-separator\"\/>\n\n\n\n<h2 class=\"wp-block-heading\"><strong>Bilder vom Fest<\/strong> <strong>2015<\/strong><\/h2>\n\n\n\n<figure class=\"wp-block-gallery columns-3 is-cropped wp-block-gallery-1 is-layout-flex wp-block-gallery-is-layout-flex\"><ul class=\"blocks-gallery-grid\"><li class=\"blocks-gallery-item\"><figure><img loading=\"lazy\" decoding=\"async\" width=\"680\" height=\"979\" src=\"https:\/\/getraenke-fuhrmann.de\/wordpress\/wp-content\/uploads\/2015\/08\/Getraenke_Fuhrmann_25-Jahre_hier-lang.jpg\" alt=\"\" data-id=\"437\" data-full-url=\"https:\/\/getraenke-fuhrmann.de\/wordpress\/wp-content\/uploads\/2015\/08\/Getraenke_Fuhrmann_25-Jahre_hier-lang.jpg\" data-link=\"https:\/\/getraenke-fuhrmann.de\/wordpress\/25-jahre-fuer-sie-vor-ort\/getraenke_fuhrmann_25-jahre_hier-lang\/\" class=\"wp-image-437\" srcset=\"https:\/\/getraenke-fuhrmann.de\/wordpress\/wp-content\/uploads\/2015\/08\/Getraenke_Fuhrmann_25-Jahre_hier-lang.jpg 680w, https:\/\/getraenke-fuhrmann.de\/wordpress\/wp-content\/uploads\/2015\/08\/Getraenke_Fuhrmann_25-Jahre_hier-lang-208x300.jpg 208w\" sizes=\"(max-width: 680px) 100vw, 680px\" \/><\/figure><\/li><li class=\"blocks-gallery-item\"><figure><img loading=\"lazy\" decoding=\"async\" width=\"907\" height=\"476\" src=\"https:\/\/getraenke-fuhrmann.de\/wordpress\/wp-content\/uploads\/2015\/08\/Getraenke_Fuhrmann_25-Jahre_04.jpg\" alt=\"\" data-id=\"432\" data-full-url=\"https:\/\/getraenke-fuhrmann.de\/wordpress\/wp-content\/uploads\/2015\/08\/Getraenke_Fuhrmann_25-Jahre_04.jpg\" data-link=\"https:\/\/getraenke-fuhrmann.de\/wordpress\/25-jahre-fuer-sie-vor-ort\/getraenke_fuhrmann_25-jahre_04\/\" class=\"wp-image-432\" srcset=\"https:\/\/getraenke-fuhrmann.de\/wordpress\/wp-content\/uploads\/2015\/08\/Getraenke_Fuhrmann_25-Jahre_04.jpg 907w, https:\/\/getraenke-fuhrmann.de\/wordpress\/wp-content\/uploads\/2015\/08\/Getraenke_Fuhrmann_25-Jahre_04-300x157.jpg 300w, https:\/\/getraenke-fuhrmann.de\/wordpress\/wp-content\/uploads\/2015\/08\/Getraenke_Fuhrmann_25-Jahre_04-500x262.jpg 500w\" sizes=\"(max-width: 907px) 100vw, 907px\" \/><\/figure><\/li><li class=\"blocks-gallery-item\"><figure><img loading=\"lazy\" decoding=\"async\" width=\"794\" height=\"377\" src=\"https:\/\/getraenke-fuhrmann.de\/wordpress\/wp-content\/uploads\/2015\/08\/Getraenke_Fuhrmann_25-Jahre_06.jpg\" alt=\"\" data-id=\"434\" data-full-url=\"https:\/\/getraenke-fuhrmann.de\/wordpress\/wp-content\/uploads\/2015\/08\/Getraenke_Fuhrmann_25-Jahre_06.jpg\" data-link=\"https:\/\/getraenke-fuhrmann.de\/wordpress\/25-jahre-fuer-sie-vor-ort\/getraenke_fuhrmann_25-jahre_06\/\" class=\"wp-image-434\" srcset=\"https:\/\/getraenke-fuhrmann.de\/wordpress\/wp-content\/uploads\/2015\/08\/Getraenke_Fuhrmann_25-Jahre_06.jpg 794w, https:\/\/getraenke-fuhrmann.de\/wordpress\/wp-content\/uploads\/2015\/08\/Getraenke_Fuhrmann_25-Jahre_06-300x142.jpg 300w, https:\/\/getraenke-fuhrmann.de\/wordpress\/wp-content\/uploads\/2015\/08\/Getraenke_Fuhrmann_25-Jahre_06-500x237.jpg 500w\" sizes=\"(max-width: 794px) 100vw, 794px\" \/><\/figure><\/li><li class=\"blocks-gallery-item\"><figure><img loading=\"lazy\" decoding=\"async\" width=\"794\" height=\"502\" src=\"https:\/\/getraenke-fuhrmann.de\/wordpress\/wp-content\/uploads\/2015\/08\/Getraenke_Fuhrmann_25-Jahre_03.jpg\" alt=\"\" data-id=\"431\" data-full-url=\"https:\/\/getraenke-fuhrmann.de\/wordpress\/wp-content\/uploads\/2015\/08\/Getraenke_Fuhrmann_25-Jahre_03.jpg\" data-link=\"https:\/\/getraenke-fuhrmann.de\/wordpress\/25-jahre-fuer-sie-vor-ort\/getraenke_fuhrmann_25-jahre_03\/\" class=\"wp-image-431\" srcset=\"https:\/\/getraenke-fuhrmann.de\/wordpress\/wp-content\/uploads\/2015\/08\/Getraenke_Fuhrmann_25-Jahre_03.jpg 794w, https:\/\/getraenke-fuhrmann.de\/wordpress\/wp-content\/uploads\/2015\/08\/Getraenke_Fuhrmann_25-Jahre_03-300x190.jpg 300w, https:\/\/getraenke-fuhrmann.de\/wordpress\/wp-content\/uploads\/2015\/08\/Getraenke_Fuhrmann_25-Jahre_03-475x300.jpg 475w\" sizes=\"(max-width: 794px) 100vw, 794px\" \/><\/figure><\/li><li class=\"blocks-gallery-item\"><figure><img loading=\"lazy\" decoding=\"async\" width=\"794\" height=\"632\" src=\"https:\/\/getraenke-fuhrmann.de\/wordpress\/wp-content\/uploads\/2015\/08\/Getraenke_Fuhrmann_25-Jahre_02.jpg\" alt=\"\" data-id=\"430\" data-full-url=\"https:\/\/getraenke-fuhrmann.de\/wordpress\/wp-content\/uploads\/2015\/08\/Getraenke_Fuhrmann_25-Jahre_02.jpg\" data-link=\"https:\/\/getraenke-fuhrmann.de\/wordpress\/25-jahre-fuer-sie-vor-ort\/getraenke_fuhrmann_25-jahre_02\/\" class=\"wp-image-430\" srcset=\"https:\/\/getraenke-fuhrmann.de\/wordpress\/wp-content\/uploads\/2015\/08\/Getraenke_Fuhrmann_25-Jahre_02.jpg 794w, https:\/\/getraenke-fuhrmann.de\/wordpress\/wp-content\/uploads\/2015\/08\/Getraenke_Fuhrmann_25-Jahre_02-300x239.jpg 300w, https:\/\/getraenke-fuhrmann.de\/wordpress\/wp-content\/uploads\/2015\/08\/Getraenke_Fuhrmann_25-Jahre_02-377x300.jpg 377w\" sizes=\"(max-width: 794px) 100vw, 794px\" \/><\/figure><\/li><li class=\"blocks-gallery-item\"><figure><img loading=\"lazy\" decoding=\"async\" width=\"794\" height=\"787\" src=\"https:\/\/getraenke-fuhrmann.de\/wordpress\/wp-content\/uploads\/2015\/08\/Getraenke_Fuhrmann_25-Jahre_01.jpg\" alt=\"\" data-id=\"429\" data-full-url=\"https:\/\/getraenke-fuhrmann.de\/wordpress\/wp-content\/uploads\/2015\/08\/Getraenke_Fuhrmann_25-Jahre_01.jpg\" data-link=\"https:\/\/getraenke-fuhrmann.de\/wordpress\/25-jahre-fuer-sie-vor-ort\/getraenke_fuhrmann_25-jahre_01\/\" class=\"wp-image-429\" srcset=\"https:\/\/getraenke-fuhrmann.de\/wordpress\/wp-content\/uploads\/2015\/08\/Getraenke_Fuhrmann_25-Jahre_01.jpg 794w, https:\/\/getraenke-fuhrmann.de\/wordpress\/wp-content\/uploads\/2015\/08\/Getraenke_Fuhrmann_25-Jahre_01-150x150.jpg 150w, https:\/\/getraenke-fuhrmann.de\/wordpress\/wp-content\/uploads\/2015\/08\/Getraenke_Fuhrmann_25-Jahre_01-300x297.jpg 300w, https:\/\/getraenke-fuhrmann.de\/wordpress\/wp-content\/uploads\/2015\/08\/Getraenke_Fuhrmann_25-Jahre_01-303x300.jpg 303w\" sizes=\"(max-width: 794px) 100vw, 794px\" \/><\/figure><\/li><li class=\"blocks-gallery-item\"><figure><img loading=\"lazy\" decoding=\"async\" width=\"794\" height=\"421\" src=\"https:\/\/getraenke-fuhrmann.de\/wordpress\/wp-content\/uploads\/2015\/08\/Getraenke_Fuhrmann_25-Jahre_07.jpg\" alt=\"\" data-id=\"435\" data-full-url=\"https:\/\/getraenke-fuhrmann.de\/wordpress\/wp-content\/uploads\/2015\/08\/Getraenke_Fuhrmann_25-Jahre_07.jpg\" data-link=\"https:\/\/getraenke-fuhrmann.de\/wordpress\/25-jahre-fuer-sie-vor-ort\/getraenke_fuhrmann_25-jahre_07\/\" class=\"wp-image-435\" srcset=\"https:\/\/getraenke-fuhrmann.de\/wordpress\/wp-content\/uploads\/2015\/08\/Getraenke_Fuhrmann_25-Jahre_07.jpg 794w, https:\/\/getraenke-fuhrmann.de\/wordpress\/wp-content\/uploads\/2015\/08\/Getraenke_Fuhrmann_25-Jahre_07-300x159.jpg 300w, https:\/\/getraenke-fuhrmann.de\/wordpress\/wp-content\/uploads\/2015\/08\/Getraenke_Fuhrmann_25-Jahre_07-500x265.jpg 500w\" sizes=\"(max-width: 794px) 100vw, 794px\" \/><\/figure><\/li><li class=\"blocks-gallery-item\"><figure><img loading=\"lazy\" decoding=\"async\" width=\"794\" height=\"452\" src=\"https:\/\/getraenke-fuhrmann.de\/wordpress\/wp-content\/uploads\/2015\/08\/Getraenke_Fuhrmann_25-Jahre_08.jpg\" alt=\"\" data-id=\"436\" data-full-url=\"https:\/\/getraenke-fuhrmann.de\/wordpress\/wp-content\/uploads\/2015\/08\/Getraenke_Fuhrmann_25-Jahre_08.jpg\" data-link=\"https:\/\/getraenke-fuhrmann.de\/wordpress\/25-jahre-fuer-sie-vor-ort\/getraenke_fuhrmann_25-jahre_08\/\" class=\"wp-image-436\" srcset=\"https:\/\/getraenke-fuhrmann.de\/wordpress\/wp-content\/uploads\/2015\/08\/Getraenke_Fuhrmann_25-Jahre_08.jpg 794w, https:\/\/getraenke-fuhrmann.de\/wordpress\/wp-content\/uploads\/2015\/08\/Getraenke_Fuhrmann_25-Jahre_08-300x171.jpg 300w, https:\/\/getraenke-fuhrmann.de\/wordpress\/wp-content\/uploads\/2015\/08\/Getraenke_Fuhrmann_25-Jahre_08-500x285.jpg 500w\" sizes=\"(max-width: 794px) 100vw, 794px\" \/><\/figure><\/li><\/ul><\/figure>\n\n\n\n<h2 class=\"wp-block-heading\"><br \/><strong>Bilder von Stand auf der Steinlachmesse M\u00f6ssingen 2015<br \/><\/strong><\/h2>\n\n\n\n<figure class=\"wp-block-gallery columns-3 is-cropped wp-block-gallery-2 is-layout-flex wp-block-gallery-is-layout-flex\"><ul class=\"blocks-gallery-grid\"><li class=\"blocks-gallery-item\"><figure><img loading=\"lazy\" decoding=\"async\" width=\"794\" height=\"595\" src=\"https:\/\/getraenke-fuhrmann.de\/wordpress\/wp-content\/uploads\/2015\/08\/Getraenke_Fuhrmann_der-chef.jpg\" alt=\"\" data-id=\"440\" data-full-url=\"https:\/\/getraenke-fuhrmann.de\/wordpress\/wp-content\/uploads\/2015\/08\/Getraenke_Fuhrmann_der-chef.jpg\" data-link=\"https:\/\/getraenke-fuhrmann.de\/wordpress\/25-jahre-fuer-sie-vor-ort\/getraenke_fuhrmann_der-chef\/\" class=\"wp-image-440\" srcset=\"https:\/\/getraenke-fuhrmann.de\/wordpress\/wp-content\/uploads\/2015\/08\/Getraenke_Fuhrmann_der-chef.jpg 794w, https:\/\/getraenke-fuhrmann.de\/wordpress\/wp-content\/uploads\/2015\/08\/Getraenke_Fuhrmann_der-chef-300x225.jpg 300w, https:\/\/getraenke-fuhrmann.de\/wordpress\/wp-content\/uploads\/2015\/08\/Getraenke_Fuhrmann_der-chef-400x300.jpg 400w\" sizes=\"(max-width: 794px) 100vw, 794px\" \/><\/figure><\/li><li class=\"blocks-gallery-item\"><figure><img loading=\"lazy\" decoding=\"async\" width=\"794\" height=\"595\" src=\"https:\/\/getraenke-fuhrmann.de\/wordpress\/wp-content\/uploads\/2015\/08\/Getraenke_Fuhrmann_Messeteam.jpg\" alt=\"\" data-id=\"442\" data-full-url=\"https:\/\/getraenke-fuhrmann.de\/wordpress\/wp-content\/uploads\/2015\/08\/Getraenke_Fuhrmann_Messeteam.jpg\" data-link=\"https:\/\/getraenke-fuhrmann.de\/wordpress\/25-jahre-fuer-sie-vor-ort\/getraenke_fuhrmann_messeteam\/\" class=\"wp-image-442\" srcset=\"https:\/\/getraenke-fuhrmann.de\/wordpress\/wp-content\/uploads\/2015\/08\/Getraenke_Fuhrmann_Messeteam.jpg 794w, https:\/\/getraenke-fuhrmann.de\/wordpress\/wp-content\/uploads\/2015\/08\/Getraenke_Fuhrmann_Messeteam-300x225.jpg 300w, https:\/\/getraenke-fuhrmann.de\/wordpress\/wp-content\/uploads\/2015\/08\/Getraenke_Fuhrmann_Messeteam-400x300.jpg 400w\" sizes=\"(max-width: 794px) 100vw, 794px\" \/><\/figure><\/li><li class=\"blocks-gallery-item\"><figure><img loading=\"lazy\" decoding=\"async\" width=\"794\" height=\"861\" src=\"https:\/\/getraenke-fuhrmann.de\/wordpress\/wp-content\/uploads\/2015\/08\/Getraenke_Fuhrmann_Verlosung.jpg\" alt=\"\" data-id=\"445\" data-full-url=\"https:\/\/getraenke-fuhrmann.de\/wordpress\/wp-content\/uploads\/2015\/08\/Getraenke_Fuhrmann_Verlosung.jpg\" data-link=\"https:\/\/getraenke-fuhrmann.de\/wordpress\/25-jahre-fuer-sie-vor-ort\/getraenke_fuhrmann_verlosung\/\" class=\"wp-image-445\" srcset=\"https:\/\/getraenke-fuhrmann.de\/wordpress\/wp-content\/uploads\/2015\/08\/Getraenke_Fuhrmann_Verlosung.jpg 794w, https:\/\/getraenke-fuhrmann.de\/wordpress\/wp-content\/uploads\/2015\/08\/Getraenke_Fuhrmann_Verlosung-277x300.jpg 277w\" sizes=\"(max-width: 794px) 100vw, 794px\" \/><\/figure><\/li><li class=\"blocks-gallery-item\"><figure><img loading=\"lazy\" decoding=\"async\" width=\"794\" height=\"595\" src=\"https:\/\/getraenke-fuhrmann.de\/wordpress\/wp-content\/uploads\/2015\/08\/Getraenke_Fuhrmann_Stand_2.jpg\" alt=\"\" data-id=\"444\" data-full-url=\"https:\/\/getraenke-fuhrmann.de\/wordpress\/wp-content\/uploads\/2015\/08\/Getraenke_Fuhrmann_Stand_2.jpg\" data-link=\"https:\/\/getraenke-fuhrmann.de\/wordpress\/25-jahre-fuer-sie-vor-ort\/getraenke_fuhrmann_stand_2\/\" class=\"wp-image-444\" srcset=\"https:\/\/getraenke-fuhrmann.de\/wordpress\/wp-content\/uploads\/2015\/08\/Getraenke_Fuhrmann_Stand_2.jpg 794w, https:\/\/getraenke-fuhrmann.de\/wordpress\/wp-content\/uploads\/2015\/08\/Getraenke_Fuhrmann_Stand_2-300x225.jpg 300w, https:\/\/getraenke-fuhrmann.de\/wordpress\/wp-content\/uploads\/2015\/08\/Getraenke_Fuhrmann_Stand_2-400x300.jpg 400w\" sizes=\"(max-width: 794px) 100vw, 794px\" \/><\/figure><\/li><li class=\"blocks-gallery-item\"><figure><img loading=\"lazy\" decoding=\"async\" width=\"794\" height=\"287\" src=\"https:\/\/getraenke-fuhrmann.de\/wordpress\/wp-content\/uploads\/2015\/08\/Getraenke_Fuhrmann_hier-sind-sie-richtig.jpg\" alt=\"\" data-id=\"441\" data-full-url=\"https:\/\/getraenke-fuhrmann.de\/wordpress\/wp-content\/uploads\/2015\/08\/Getraenke_Fuhrmann_hier-sind-sie-richtig.jpg\" data-link=\"https:\/\/getraenke-fuhrmann.de\/wordpress\/25-jahre-fuer-sie-vor-ort\/getraenke_fuhrmann_hier-sind-sie-richtig\/\" class=\"wp-image-441\" srcset=\"https:\/\/getraenke-fuhrmann.de\/wordpress\/wp-content\/uploads\/2015\/08\/Getraenke_Fuhrmann_hier-sind-sie-richtig.jpg 794w, https:\/\/getraenke-fuhrmann.de\/wordpress\/wp-content\/uploads\/2015\/08\/Getraenke_Fuhrmann_hier-sind-sie-richtig-300x108.jpg 300w, https:\/\/getraenke-fuhrmann.de\/wordpress\/wp-content\/uploads\/2015\/08\/Getraenke_Fuhrmann_hier-sind-sie-richtig-500x181.jpg 500w\" sizes=\"(max-width: 794px) 100vw, 794px\" \/><\/figure><\/li><li class=\"blocks-gallery-item\"><figure><img loading=\"lazy\" decoding=\"async\" width=\"794\" height=\"524\" src=\"https:\/\/getraenke-fuhrmann.de\/wordpress\/wp-content\/uploads\/2015\/08\/Getraenke_Fuhrmann_Stand.jpg\" alt=\"\" data-id=\"443\" data-full-url=\"https:\/\/getraenke-fuhrmann.de\/wordpress\/wp-content\/uploads\/2015\/08\/Getraenke_Fuhrmann_Stand.jpg\" data-link=\"https:\/\/getraenke-fuhrmann.de\/wordpress\/25-jahre-fuer-sie-vor-ort\/getraenke_fuhrmann_stand\/\" class=\"wp-image-443\" srcset=\"https:\/\/getraenke-fuhrmann.de\/wordpress\/wp-content\/uploads\/2015\/08\/Getraenke_Fuhrmann_Stand.jpg 794w, https:\/\/getraenke-fuhrmann.de\/wordpress\/wp-content\/uploads\/2015\/08\/Getraenke_Fuhrmann_Stand-300x198.jpg 300w, https:\/\/getraenke-fuhrmann.de\/wordpress\/wp-content\/uploads\/2015\/08\/Getraenke_Fuhrmann_Stand-455x300.jpg 455w\" sizes=\"(max-width: 794px) 100vw, 794px\" \/><\/figure><\/li><\/ul><\/figure>\n","protected":false},"excerpt":{"rendered":"<p>30 Jahre Getr\u00e4nke Fuhrmann und 5 Jahre in Ofterdingen Und dieses Jahr 2020 wird aus 25 Jahren schon 30 Jahre.Au\u00dferdem sind wir jetzt 5 Jahre in Ofterdingen.Sprich, es sind nun weitere ereignisreiche 5 Jahre vergangen. Durch ein stetig erweitertes Angebot &hellip; <a href=\"https:\/\/getraenke-fuhrmann.de\/wordpress\/25-jahre-fuer-sie-vor-ort\/\">Weiterlesen <span class=\"meta-nav\">&rarr;<\/span><\/a><\/p>\n","protected":false},"author":4,"featured_media":0,"parent":0,"menu_order":1,"comment_status":"closed","ping_status":"closed","template":"sidebar-page.php","meta":{"footnotes":""},"_links":{"self":[{"href":"https:\/\/getraenke-fuhrmann.de\/wordpress\/wp-json\/wp\/v2\/pages\/402"}],"collection":[{"href":"https:\/\/getraenke-fuhrmann.de\/wordpress\/wp-json\/wp\/v2\/pages"}],"about":[{"href":"https:\/\/getraenke-fuhrmann.de\/wordpress\/wp-json\/wp\/v2\/types\/page"}],"author":[{"embeddable":true,"href":"https:\/\/getraenke-fuhrmann.de\/wordpress\/wp-json\/wp\/v2\/users\/4"}],"replies":[{"embeddable":true,"href":"https:\/\/getraenke-fuhrmann.de\/wordpress\/wp-json\/wp\/v2\/comments?post=402"}],"version-history":[{"count":40,"href":"https:\/\/getraenke-fuhrmann.de\/wordpress\/wp-json\/wp\/v2\/pages\/402\/revisions"}],"predecessor-version":[{"id":1149,"href":"https:\/\/getraenke-fuhrmann.de\/wordpress\/wp-json\/wp\/v2\/pages\/402\/revisions\/1149"}],"wp:attachment":[{"href":"https:\/\/getraenke-fuhrmann.de\/wordpress\/wp-json\/wp\/v2\/media?parent=402"}],"curies":[{"name":"wp","href":"https:\/\/api.w.org\/{rel}","templated":true}]}}