{"id":29,"date":"2014-06-02T20:15:04","date_gmt":"2014-06-02T18:15:04","guid":{"rendered":"http:\/\/getraenke-fuhrmann.de\/wordpress\/?page_id=29"},"modified":"2024-12-17T10:31:04","modified_gmt":"2024-12-17T09:31:04","slug":"kleincatering","status":"publish","type":"page","link":"https:\/\/getraenke-fuhrmann.de\/wordpress\/kleincatering\/","title":{"rendered":"Catering"},"content":{"rendered":"<h1>Catering und Getr\u00e4nke<\/h1>\n<p>Gerne organisieren und betreuen wir bei Ihrem <strong>Event wie Hochzeit, Firmenmeeting Vereinsfest, Richtfest und was es noch so alles zu feiern gibt<\/strong> das Catering und die Getr\u00e4nke. Dazu stellen wir auf Wunsch auch eigenes Personal.<\/p>\n<p>Sie ben\u00f6tigen neben den Getr\u00e4nken auch H\u00e4ppchen, belegte Br\u00f6tchen uvm.?<br \/>\nDas bieten wir gerne individuell nach Ihren W\u00fcnschen an. Eine kleine Auswahl finden Sie <a href=\"https:\/\/getraenke-fuhrmann.de\/wordpress\/wp-content\/uploads\/2021\/08\/Fingerfood_1.8.21_.pdf\" target=\"_blank\" rel=\"noopener noreferrer\">Liste Fingerfood (pdf)<\/a>.<\/p>\n<p><a href=\"https:\/\/getraenke-fuhrmann.de\/wordpress\/wp-content\/uploads\/2014\/06\/Lars_Fuhrmann_Catering_Getr\u00e4nke.jpg\"><img loading=\"lazy\" decoding=\"async\" class=\"wp-image-492 alignleft\" src=\"https:\/\/getraenke-fuhrmann.de\/wordpress\/wp-content\/uploads\/2014\/06\/Lars_Fuhrmann_Catering_Getr\u00e4nke.jpg\" alt=\"\" width=\"277\" height=\"355\" \/><\/a>Unser Spezielles Angebot:<br \/>\n<strong>F\u00fcr Hochzeiten bieten wir einen Sektempfang mit Personal zum Pauschalpreis<\/strong> oder nach Ihren individuellen W\u00fcnschen an.<br \/>\n<a href=\"https:\/\/getraenke-fuhrmann.de\/wordpress\/wp-content\/uploads\/2024\/11\/Sektempfang_Fuhrmann_OHG_2025_01.pdf\">Unser Angebot Sektempfang (pdf)<\/a><\/p>\n<p>Gerne beraten wir Sie auch pers\u00f6nlich und erstellen Ihnen ein individuelles Angebot.<\/p>\n<p><em>Dieses Angebot gilt f\u00fcr den Raum Neckar-Alb, Kreis T\u00fcbingen, Kreis Reutlingen, Kreis Balingen<\/em><\/p>\n<p><em>\u00a0<\/em><\/p>\n<h2 id=\"site-description\"><\/h2>\n","protected":false},"excerpt":{"rendered":"<p>Catering und Getr\u00e4nke Gerne organisieren und betreuen wir bei Ihrem Event wie Hochzeit, Firmenmeeting Vereinsfest, Richtfest und was es noch so alles zu feiern gibt das Catering und die Getr\u00e4nke. Dazu stellen wir auf Wunsch auch eigenes Personal. Sie ben\u00f6tigen &hellip; <a href=\"https:\/\/getraenke-fuhrmann.de\/wordpress\/kleincatering\/\">Weiterlesen <span class=\"meta-nav\">&rarr;<\/span><\/a><\/p>\n","protected":false},"author":4,"featured_media":0,"parent":0,"menu_order":5,"comment_status":"closed","ping_status":"closed","template":"sidebar-page.php","meta":{"footnotes":""},"_links":{"self":[{"href":"https:\/\/getraenke-fuhrmann.de\/wordpress\/wp-json\/wp\/v2\/pages\/29"}],"collection":[{"href":"https:\/\/getraenke-fuhrmann.de\/wordpress\/wp-json\/wp\/v2\/pages"}],"about":[{"href":"https:\/\/getraenke-fuhrmann.de\/wordpress\/wp-json\/wp\/v2\/types\/page"}],"author":[{"embeddable":true,"href":"https:\/\/getraenke-fuhrmann.de\/wordpress\/wp-json\/wp\/v2\/users\/4"}],"replies":[{"embeddable":true,"href":"https:\/\/getraenke-fuhrmann.de\/wordpress\/wp-json\/wp\/v2\/comments?post=29"}],"version-history":[{"count":39,"href":"https:\/\/getraenke-fuhrmann.de\/wordpress\/wp-json\/wp\/v2\/pages\/29\/revisions"}],"predecessor-version":[{"id":1578,"href":"https:\/\/getraenke-fuhrmann.de\/wordpress\/wp-json\/wp\/v2\/pages\/29\/revisions\/1578"}],"wp:attachment":[{"href":"https:\/\/getraenke-fuhrmann.de\/wordpress\/wp-json\/wp\/v2\/media?parent=29"}],"curies":[{"name":"wp","href":"https:\/\/api.w.org\/{rel}","templated":true}]}}