{"id":192,"date":"2014-06-05T10:06:21","date_gmt":"2014-06-05T08:06:21","guid":{"rendered":"http:\/\/getraenke-fuhrmann.de\/wordpress\/?page_id=192"},"modified":"2026-01-21T10:51:35","modified_gmt":"2026-01-21T09:51:35","slug":"frei-haus","status":"publish","type":"page","link":"https:\/\/getraenke-fuhrmann.de\/wordpress\/frei-haus\/","title":{"rendered":"Verleihservice"},"content":{"rendered":"<h1>Alles rund um Ihr Event<\/h1>\n<p>Wir bieten die klassischen Inventare wie:<\/p>\n<ul>\n<li>Festplatzgarnituren<\/li>\n<li>Durchlaufk\u00fchler, Ausschanktheke<\/li>\n<li>Stehtische<\/li>\n<li>K\u00fchlanh\u00e4nger, K\u00fchlschr\u00e4nke<\/li>\n<li>passende exklusive Gl\u00e4ser siehe <a href=\"https:\/\/getraenke-fuhrmann.de\/wordpress\/frei-haus\/verleihservice-glaeser\/\">hier<\/a><\/li>\n<li>&#8230;\u00a0 alles in hochwertiger Qualit\u00e4t<\/li>\n<\/ul>\n<p>Auch bei uns erh\u00e4ltlich z.B.<\/p>\n<ul>\n<li>Stehtischhussen<\/li>\n<li>Festplatzgarnituren-Hussen<\/li>\n<li>Sonnenschirme<\/li>\n<li>verschiedene Faltpavillons sowie Partyzelt<\/li>\n<\/ul>\n<p><a href=\"https:\/\/getraenke-fuhrmann.de\/wordpress\/wp-content\/uploads\/2020\/03\/DSCF2257-scaled.jpg\"><img loading=\"lazy\" decoding=\"async\" class=\" wp-image-995 alignright\" src=\"https:\/\/getraenke-fuhrmann.de\/wordpress\/wp-content\/uploads\/2020\/03\/DSCF2257-scaled.jpg\" alt=\"\" width=\"248\" height=\"189\" \/><\/a><\/p>\n<p>Neu bei uns ist der Verleih von Mehrweggeschirr und Besteck.<\/p>\n<p><strong>Und vieles mehr in unserer Liste f\u00fcr <a href=\"https:\/\/getraenke-fuhrmann.de\/wordpress\/wp-content\/uploads\/2026\/01\/Inventar_1.26.pdf\" target=\"_blank\" rel=\"noopener\">Fest- und Leihinventar (pdf<\/a><a href=\"https:\/\/getraenke-fuhrmann.de\/wordpress\/wp-content\/uploads\/2022\/02\/2022_Inventarliste_Stand-02k.pdf\" target=\"_blank\" rel=\"noopener\">)<\/a><\/strong><\/p>\n<p>Wir sp\u00fclen die Gl\u00e4ser und das Geschirr in unserem neuen gro\u00dfz\u00fcgigen Sp\u00fclraum, der nach neuesten technischen und hygienischen Richtlinien eingerichtet ist.<\/p>\n\n\n<p><\/p>\n","protected":false},"excerpt":{"rendered":"<p>Alles rund um Ihr Event Wir bieten die klassischen Inventare wie: Festplatzgarnituren Durchlaufk\u00fchler, Ausschanktheke Stehtische K\u00fchlanh\u00e4nger, K\u00fchlschr\u00e4nke passende exklusive Gl\u00e4ser siehe hier &#8230;\u00a0 alles in hochwertiger Qualit\u00e4t Auch bei uns erh\u00e4ltlich z.B. Stehtischhussen Festplatzgarnituren-Hussen Sonnenschirme verschiedene Faltpavillons sowie Partyzelt Neu &hellip; <a href=\"https:\/\/getraenke-fuhrmann.de\/wordpress\/frei-haus\/\">Weiterlesen <span class=\"meta-nav\">&rarr;<\/span><\/a><\/p>\n","protected":false},"author":4,"featured_media":0,"parent":0,"menu_order":4,"comment_status":"closed","ping_status":"closed","template":"sidebar-page.php","meta":{"footnotes":""},"_links":{"self":[{"href":"https:\/\/getraenke-fuhrmann.de\/wordpress\/wp-json\/wp\/v2\/pages\/192"}],"collection":[{"href":"https:\/\/getraenke-fuhrmann.de\/wordpress\/wp-json\/wp\/v2\/pages"}],"about":[{"href":"https:\/\/getraenke-fuhrmann.de\/wordpress\/wp-json\/wp\/v2\/types\/page"}],"author":[{"embeddable":true,"href":"https:\/\/getraenke-fuhrmann.de\/wordpress\/wp-json\/wp\/v2\/users\/4"}],"replies":[{"embeddable":true,"href":"https:\/\/getraenke-fuhrmann.de\/wordpress\/wp-json\/wp\/v2\/comments?post=192"}],"version-history":[{"count":16,"href":"https:\/\/getraenke-fuhrmann.de\/wordpress\/wp-json\/wp\/v2\/pages\/192\/revisions"}],"predecessor-version":[{"id":1632,"href":"https:\/\/getraenke-fuhrmann.de\/wordpress\/wp-json\/wp\/v2\/pages\/192\/revisions\/1632"}],"wp:attachment":[{"href":"https:\/\/getraenke-fuhrmann.de\/wordpress\/wp-json\/wp\/v2\/media?parent=192"}],"curies":[{"name":"wp","href":"https:\/\/api.w.org\/{rel}","templated":true}]}}